{"id":579,"date":"2026-04-17T17:28:02","date_gmt":"2026-04-17T15:28:02","guid":{"rendered":"http:\/\/themis.ctsnet.it\/?page_id=579"},"modified":"2026-04-20T09:56:26","modified_gmt":"2026-04-20T07:56:26","slug":"la-privacy-policy-di-questo-sito","status":"publish","type":"page","link":"http:\/\/themis.ctsnet.it\/index.php\/la-privacy-policy-di-questo-sito\/","title":{"rendered":"LA PRIVACY POLICY DI QUESTO SITO"},"content":{"rendered":"\n<p>PERCHE\u2019 QUESTO AVVISO<\/p>\n\n\n\n<p>In questa pagina si descrivono le modalit\u00e0 di gestione del sito in riferimento al trattamento dei dati personali degli utenti che lo consultano.<br><br>Si tratta di un\u2019informativa che \u00e8 resa ai sensi dell\u2019articolo 13 del Regolamento (UE) 2016\/679 \u2013 in materia di protezione dei dati personali a coloro che interagiscono con i servizi web di C.T.S. snc per la protezione dei dati personali, accessibili per via telematica a partire dall\u2019indirizzo:<br><br><strong>themis.ctsnet.it<\/strong><br><br>corrispondente alla pagina iniziale del sito ufficiale.<\/p>\n\n\n\n<p>L\u2019informativa \u00e8 resa solo per il sito di C.T.S. snc e non anche per altri siti web eventualmente consultati dall\u2019utente tramite links.<\/p>\n\n\n\n<p><strong>IL \u201cTITOLARE\u201d DEL TRATTAMENTO<\/strong><\/p>\n\n\n\n<p>A seguito della consultazione di questo sito possono essere trattati dati relativi a persone identificate o identificabili.<\/p>\n\n\n\n<p>Il \u201ctitolare\u201d del loro trattamento \u00e8 C.T.S. snc che ha sede in Prato (Italia), Via Dei Gobbi. 131 \u2013 59100.<\/p>\n\n\n\n<p><strong>RESPONSABILE DEL TRATTAMENTO<\/strong><\/p>\n\n\n\n<p>Responsabile del trattamento dei dati \u00e8 : C.T.S. snc<\/p>\n\n\n\n<p><strong>LUOGO DI TRATTAMENTO DEI DATI<\/strong><\/p>\n\n\n\n<p>I trattamenti connessi ai servizi web di questo sito hanno luogo presso la predetta sede di C.T.S. snc e sono curati solo da personale tecnico dell\u2019Ufficio incaricato del trattamento.<\/p>\n\n\n\n<p><strong>TIPI DI DATI TRATTATI<\/strong><\/p>\n\n\n\n<p>Dati di navigazione:<br>I sistemi informatici e le procedure software preposte al funzionamento di questo sito web acquisiscono, nel corso del loro normale esercizio, alcuni dati personali la cui trasmissione \u00e8 implicita nell\u2019uso dei protocolli di comunicazione di Internet.<\/p>\n\n\n\n<p>Si tratta di informazioni che non sono raccolte per essere associate a interessati identificati, ma che per loro stessa natura potrebbero, attraverso elaborazioni ed associazioni con dati detenuti da terzi, permettere di identificare gli utenti.<\/p>\n\n\n\n<p>In questa categoria di dati rientrano gli indirizzi IP o i nomi a dominio dei computer utilizzati dagli utenti che si connettono al sito, gli indirizzi in notazione URI (Uniform Resource Identifier) delle risorse richieste, l\u2019orario della richiesta, il metodo utilizzato nel sottoporre la richiesta al server, la dimensione del file ottenuto in risposta, il codice numerico indicante lo stato della risposta data dal server (buon fine, errore, ecc.) ed altri parametri relativi al sistema operativo e all\u2019ambiente informatico dell\u2019utente.<\/p>\n\n\n\n<p>Questi dati vengono utilizzati al solo fine di ricavare informazioni statistiche anonime sull\u2019uso del sito e per controllarne il corretto funzionamento e vengono cancellati immediatamente dopo l\u2019elaborazione. I dati potrebbero essere utilizzati per l\u2019accertamento di responsabilit\u00e0 in caso di ipotetici reati informatici ai danni del sito: salva questa eventualit\u00e0, allo stato i dati sui contatti web non persistono per pi\u00f9 di sette giorni.<\/p>\n\n\n\n<p>Dati forniti volontariamente dall\u2019utente:<br>L\u2019invio facoltativo, esplicito e volontario di posta elettronica agli indirizzi indicati su questo sito comporta la successiva acquisizione dell\u2019indirizzo del mittente, necessario per rispondere alle richieste, nonch\u00e9 degli eventuali altri dati personali inseriti nella missiva.<\/p>\n\n\n\n<p>Specifiche informative di sintesi verranno progressivamente riportate o visualizzate nelle pagine del sito predisposte per particolari servizi a richiesta.<\/p>\n\n\n\n<p>Cookies:<br>Nessun dato personale degli utenti viene in proposito acquisito dal sito.<\/p>\n\n\n\n<p>Non viene fatto uso di cookies per la trasmissione di informazioni di carattere personale, n\u00e9 vengono utilizzati c.d.cookies persistenti di alcun tipo, ovvero sistemi per il tracciamento degli utenti.<\/p>\n\n\n\n<p>L\u2019uso di c.d. cookies di sessione (che non vengono memorizzati in modo persistente sul computer dell\u2019utente e svaniscono con la chiusura del browser) \u00e8 strettamente limitato alla trasmissione di identificativi di sessione (costituiti da numeri casuali generati dal server) necessari per consentire l\u2019esplorazione sicura ed efficiente del sito.<\/p>\n\n\n\n<p>I c.d. cookies di sessione utilizzati in questo sito evitano il ricorso ad altre tecniche informatiche potenzialmente pregiudizievoli per la riservatezza della navigazione degli utenti e non consentono l\u2019acquisizione di dati personali identificativi dell\u2019utente.<\/p>\n\n\n\n<p><strong>FACOLTATIVITA\u2019 DEL CONFERIMENTO DEI DATI<\/strong><\/p>\n\n\n\n<p>A parte quanto specificato per i dati di navigazione, l\u2019utente \u00e8 libero di fornire i dati personali riportati nei moduli di richiesta a C.T.S. snc o comunque indicati in contatti con l\u2019Ufficio per sollecitare l\u2019invio della newsletter, di materiale informativo o di altre comunicazioni.<\/p>\n\n\n\n<p>Il loro mancato conferimento pu\u00f2 comportare l\u2019impossibilit\u00e0 di ottenere quanto richiesto.<\/p>\n\n\n\n<p>Per completezza va ricordato che in alcuni casi (non oggetto dell\u2019ordinaria gestione di questo sito) l\u2019Autorit\u00e0 pu\u00f2 richiedere notizie e informazioni ai sensi dell\u2019articolo 157 del Codice in materia di protezione dei dati personali, ai fini del controllo sul trattamento dei dati personali. In questi casi la risposta \u00e8 obbligatoria a pena di sanzione amministrativa.<\/p>\n\n\n\n<p><strong>MODALITA\u2019 DEL TRATTAMENTO<\/strong><\/p>\n\n\n\n<p>I dati personali sono trattati con strumenti automatizzati per il tempo strettamente necessario a conseguire gli scopi per cui sono stati raccolti.<\/p>\n\n\n\n<p>Specifiche misure di sicurezza sono osservate per prevenire la perdita dei dati, usi illeciti o non corretti ed accessi non autorizzati.<\/p>\n\n\n\n<p><strong>DIRITTI DEGLI INTERESSATI<\/strong><\/p>\n\n\n\n<p>I soggetti cui si riferiscono i dati personali hanno il diritto in qualunque momento di ottenere la conferma dell\u2019esistenza o meno dei medesimi dati e di conoscerne il contenuto e l\u2019origine, verificarne l\u2019esattezza o chiederne l\u2019integrazione o l\u2019aggiornamento, oppure la rettificazione (articolo 7 del Codice in materia di protezione dei dati personali).<\/p>\n\n\n\n<p>Ai sensi del medesimo articolo si ha il diritto di chiedere la cancellazione, la trasformazione in forma anonima o il blocco dei dati trattati in violazione di legge, nonch\u00e9 di opporsi in ogni caso, per motivi legittimi, al loro trattamento.<\/p>\n\n\n\n<p>Le richieste vanno rivolte:<\/p>\n\n\n\n<ul class=\"wp-block-list\">\n<li>via e-mail, all\u2019indirizzo: webmaster@ctsnet.it<\/li>\n\n\n\n<li>via fax: 0574.611085<\/li>\n\n\n\n<li>oppure via posta, a C.T.S. snc Via Dei Gobbi, 131 \u2013 59100 \u2013 Prato (Italia)<\/li>\n<\/ul>\n\n\n\n<p><strong>P3P<\/strong><\/p>\n\n\n\n<p>Considerando che lo stato di perfezionamento dei meccanismi automatici di controllo non li rende attualmente esenti da errori e disfunzioni, si precisa che il presente documento, pubblicato all\u2019indirizzo<\/p>\n\n\n\n<p><strong>www.ctsnet.it<\/strong><\/p>\n\n\n\n<p>costituisce la \u201cPrivacy Policy\u201d di questo sito che sar\u00e0 soggetta ad aggiornamenti.<\/p>\n\n\n\n<p><strong>Documento aggiornato 25 Maggio 2018<\/strong><\/p>\n","protected":false},"excerpt":{"rendered":"<p>PERCHE\u2019 QUESTO AVVISO In questa pagina si descrivono le modalit\u00e0 di gestione del sito in riferimento al trattamento dei dati [&hellip;]<\/p>\n","protected":false},"author":1,"featured_media":0,"parent":0,"menu_order":0,"comment_status":"closed","ping_status":"closed","template":"","meta":{"site-sidebar-layout":"default","site-content-layout":"","ast-site-content-layout":"default","site-content-style":"default","site-sidebar-style":"default","ast-global-header-display":"","ast-banner-title-visibility":"","ast-main-header-display":"","ast-hfb-above-header-display":"","ast-hfb-below-header-display":"","ast-hfb-mobile-header-display":"","site-post-title":"","ast-breadcrumbs-content":"","ast-featured-img":"","footer-sml-layout":"","ast-disable-related-posts":"","theme-transparent-header-meta":"","adv-header-id-meta":"","stick-header-meta":"","header-above-stick-meta":"","header-main-stick-meta":"","header-below-stick-meta":"","astra-migrate-meta-layouts":"default","ast-page-background-enabled":"default","ast-page-background-meta":{"desktop":{"background-color":"var(--ast-global-color-5)","background-image":"","background-repeat":"repeat","background-position":"center center","background-size":"auto","background-attachment":"scroll","background-type":"","background-media":"","overlay-type":"","overlay-color":"","overlay-opacity":"","overlay-gradient":""},"tablet":{"background-color":"","background-image":"","background-repeat":"repeat","background-position":"center center","background-size":"auto","background-attachment":"scroll","background-type":"","background-media":"","overlay-type":"","overlay-color":"","overlay-opacity":"","overlay-gradient":""},"mobile":{"background-color":"","background-image":"","background-repeat":"repeat","background-position":"center center","background-size":"auto","background-attachment":"scroll","background-type":"","background-media":"","overlay-type":"","overlay-color":"","overlay-opacity":"","overlay-gradient":""}},"ast-content-background-meta":{"desktop":{"background-color":"var(--ast-global-color-4)","background-image":"","background-repeat":"repeat","background-position":"center center","background-size":"auto","background-attachment":"scroll","background-type":"","background-media":"","overlay-type":"","overlay-color":"","overlay-opacity":"","overlay-gradient":""},"tablet":{"background-color":"var(--ast-global-color-4)","background-image":"","background-repeat":"repeat","background-position":"center center","background-size":"auto","background-attachment":"scroll","background-type":"","background-media":"","overlay-type":"","overlay-color":"","overlay-opacity":"","overlay-gradient":""},"mobile":{"background-color":"var(--ast-global-color-4)","background-image":"","background-repeat":"repeat","background-position":"center center","background-size":"auto","background-attachment":"scroll","background-type":"","background-media":"","overlay-type":"","overlay-color":"","overlay-opacity":"","overlay-gradient":""}},"_themeisle_gutenberg_block_has_review":false,"footnotes":""},"class_list":["post-579","page","type-page","status-publish","hentry"],"yoast_head":"<!-- This site is optimized with the Yoast SEO plugin v27.4 - https:\/\/yoast.com\/product\/yoast-seo-wordpress\/ -->\n<title>LA PRIVACY POLICY DI QUESTO SITO - Themis Cloud<\/title>\n<meta name=\"robots\" content=\"noindex, follow\" \/>\n<meta property=\"og:locale\" content=\"it_IT\" \/>\n<meta property=\"og:type\" content=\"article\" \/>\n<meta property=\"og:title\" content=\"LA PRIVACY POLICY DI QUESTO SITO - Themis Cloud\" \/>\n<meta property=\"og:description\" content=\"PERCHE\u2019 QUESTO AVVISO In questa pagina si descrivono le modalit\u00e0 di gestione del sito in riferimento al trattamento dei dati [&hellip;]\" \/>\n<meta property=\"og:url\" content=\"http:\/\/themis.ctsnet.it\/index.php\/la-privacy-policy-di-questo-sito\/\" \/>\n<meta property=\"og:site_name\" content=\"Themis Cloud\" \/>\n<meta property=\"article:publisher\" content=\"https:\/\/www.facebook.com\/ctssnc\" \/>\n<meta property=\"article:modified_time\" content=\"2026-04-20T07:56:26+00:00\" \/>\n<meta name=\"twitter:card\" content=\"summary_large_image\" \/>\n<meta name=\"twitter:label1\" content=\"Tempo di lettura stimato\" \/>\n\t<meta name=\"twitter:data1\" content=\"5 minuti\" \/>\n<script type=\"application\/ld+json\" class=\"yoast-schema-graph\">{\"@context\":\"https:\\\/\\\/schema.org\",\"@graph\":[{\"@type\":\"WebPage\",\"@id\":\"http:\\\/\\\/themis.ctsnet.it\\\/index.php\\\/la-privacy-policy-di-questo-sito\\\/\",\"url\":\"http:\\\/\\\/themis.ctsnet.it\\\/index.php\\\/la-privacy-policy-di-questo-sito\\\/\",\"name\":\"LA PRIVACY POLICY DI QUESTO SITO - Themis Cloud\",\"isPartOf\":{\"@id\":\"http:\\\/\\\/themis.ctsnet.it\\\/#website\"},\"datePublished\":\"2026-04-17T15:28:02+00:00\",\"dateModified\":\"2026-04-20T07:56:26+00:00\",\"breadcrumb\":{\"@id\":\"http:\\\/\\\/themis.ctsnet.it\\\/index.php\\\/la-privacy-policy-di-questo-sito\\\/#breadcrumb\"},\"inLanguage\":\"it-IT\",\"potentialAction\":[{\"@type\":\"ReadAction\",\"target\":[\"http:\\\/\\\/themis.ctsnet.it\\\/index.php\\\/la-privacy-policy-di-questo-sito\\\/\"]}]},{\"@type\":\"BreadcrumbList\",\"@id\":\"http:\\\/\\\/themis.ctsnet.it\\\/index.php\\\/la-privacy-policy-di-questo-sito\\\/#breadcrumb\",\"itemListElement\":[{\"@type\":\"ListItem\",\"position\":1,\"name\":\"Home\",\"item\":\"http:\\\/\\\/themis.ctsnet.it\\\/\"},{\"@type\":\"ListItem\",\"position\":2,\"name\":\"LA PRIVACY POLICY DI QUESTO SITO\"}]},{\"@type\":\"WebSite\",\"@id\":\"http:\\\/\\\/themis.ctsnet.it\\\/#website\",\"url\":\"http:\\\/\\\/themis.ctsnet.it\\\/\",\"name\":\"Themis Cloud\",\"description\":\"Agenda Legale -  by CTSNet Prato\",\"publisher\":{\"@id\":\"http:\\\/\\\/themis.ctsnet.it\\\/#organization\"},\"potentialAction\":[{\"@type\":\"SearchAction\",\"target\":{\"@type\":\"EntryPoint\",\"urlTemplate\":\"http:\\\/\\\/themis.ctsnet.it\\\/?s={search_term_string}\"},\"query-input\":{\"@type\":\"PropertyValueSpecification\",\"valueRequired\":true,\"valueName\":\"search_term_string\"}}],\"inLanguage\":\"it-IT\"},{\"@type\":\"Organization\",\"@id\":\"http:\\\/\\\/themis.ctsnet.it\\\/#organization\",\"name\":\"Themis Cloud\",\"url\":\"http:\\\/\\\/themis.ctsnet.it\\\/\",\"logo\":{\"@type\":\"ImageObject\",\"inLanguage\":\"it-IT\",\"@id\":\"http:\\\/\\\/themis.ctsnet.it\\\/#\\\/schema\\\/logo\\\/image\\\/\",\"url\":\"http:\\\/\\\/themis.ctsnet.it\\\/wp-content\\\/uploads\\\/2018\\\/02\\\/Logo.jpg\",\"contentUrl\":\"http:\\\/\\\/themis.ctsnet.it\\\/wp-content\\\/uploads\\\/2018\\\/02\\\/Logo.jpg\",\"width\":197,\"height\":197,\"caption\":\"Themis Cloud\"},\"image\":{\"@id\":\"http:\\\/\\\/themis.ctsnet.it\\\/#\\\/schema\\\/logo\\\/image\\\/\"},\"sameAs\":[\"https:\\\/\\\/www.facebook.com\\\/ctssnc\"]}]}<\/script>\n<!-- \/ Yoast SEO plugin. -->","yoast_head_json":{"title":"LA PRIVACY POLICY DI QUESTO SITO - Themis Cloud","robots":{"index":"noindex","follow":"follow"},"og_locale":"it_IT","og_type":"article","og_title":"LA PRIVACY POLICY DI QUESTO SITO - Themis Cloud","og_description":"PERCHE\u2019 QUESTO AVVISO In questa pagina si descrivono le modalit\u00e0 di gestione del sito in riferimento al trattamento dei dati [&hellip;]","og_url":"http:\/\/themis.ctsnet.it\/index.php\/la-privacy-policy-di-questo-sito\/","og_site_name":"Themis Cloud","article_publisher":"https:\/\/www.facebook.com\/ctssnc","article_modified_time":"2026-04-20T07:56:26+00:00","twitter_card":"summary_large_image","twitter_misc":{"Tempo di lettura stimato":"5 minuti"},"schema":{"@context":"https:\/\/schema.org","@graph":[{"@type":"WebPage","@id":"http:\/\/themis.ctsnet.it\/index.php\/la-privacy-policy-di-questo-sito\/","url":"http:\/\/themis.ctsnet.it\/index.php\/la-privacy-policy-di-questo-sito\/","name":"LA PRIVACY POLICY DI QUESTO SITO - Themis Cloud","isPartOf":{"@id":"http:\/\/themis.ctsnet.it\/#website"},"datePublished":"2026-04-17T15:28:02+00:00","dateModified":"2026-04-20T07:56:26+00:00","breadcrumb":{"@id":"http:\/\/themis.ctsnet.it\/index.php\/la-privacy-policy-di-questo-sito\/#breadcrumb"},"inLanguage":"it-IT","potentialAction":[{"@type":"ReadAction","target":["http:\/\/themis.ctsnet.it\/index.php\/la-privacy-policy-di-questo-sito\/"]}]},{"@type":"BreadcrumbList","@id":"http:\/\/themis.ctsnet.it\/index.php\/la-privacy-policy-di-questo-sito\/#breadcrumb","itemListElement":[{"@type":"ListItem","position":1,"name":"Home","item":"http:\/\/themis.ctsnet.it\/"},{"@type":"ListItem","position":2,"name":"LA PRIVACY POLICY DI QUESTO SITO"}]},{"@type":"WebSite","@id":"http:\/\/themis.ctsnet.it\/#website","url":"http:\/\/themis.ctsnet.it\/","name":"Themis Cloud","description":"Agenda Legale -  by CTSNet Prato","publisher":{"@id":"http:\/\/themis.ctsnet.it\/#organization"},"potentialAction":[{"@type":"SearchAction","target":{"@type":"EntryPoint","urlTemplate":"http:\/\/themis.ctsnet.it\/?s={search_term_string}"},"query-input":{"@type":"PropertyValueSpecification","valueRequired":true,"valueName":"search_term_string"}}],"inLanguage":"it-IT"},{"@type":"Organization","@id":"http:\/\/themis.ctsnet.it\/#organization","name":"Themis Cloud","url":"http:\/\/themis.ctsnet.it\/","logo":{"@type":"ImageObject","inLanguage":"it-IT","@id":"http:\/\/themis.ctsnet.it\/#\/schema\/logo\/image\/","url":"http:\/\/themis.ctsnet.it\/wp-content\/uploads\/2018\/02\/Logo.jpg","contentUrl":"http:\/\/themis.ctsnet.it\/wp-content\/uploads\/2018\/02\/Logo.jpg","width":197,"height":197,"caption":"Themis Cloud"},"image":{"@id":"http:\/\/themis.ctsnet.it\/#\/schema\/logo\/image\/"},"sameAs":["https:\/\/www.facebook.com\/ctssnc"]}]}},"_links":{"self":[{"href":"http:\/\/themis.ctsnet.it\/index.php\/wp-json\/wp\/v2\/pages\/579","targetHints":{"allow":["GET"]}}],"collection":[{"href":"http:\/\/themis.ctsnet.it\/index.php\/wp-json\/wp\/v2\/pages"}],"about":[{"href":"http:\/\/themis.ctsnet.it\/index.php\/wp-json\/wp\/v2\/types\/page"}],"author":[{"embeddable":true,"href":"http:\/\/themis.ctsnet.it\/index.php\/wp-json\/wp\/v2\/users\/1"}],"replies":[{"embeddable":true,"href":"http:\/\/themis.ctsnet.it\/index.php\/wp-json\/wp\/v2\/comments?post=579"}],"version-history":[{"count":1,"href":"http:\/\/themis.ctsnet.it\/index.php\/wp-json\/wp\/v2\/pages\/579\/revisions"}],"predecessor-version":[{"id":580,"href":"http:\/\/themis.ctsnet.it\/index.php\/wp-json\/wp\/v2\/pages\/579\/revisions\/580"}],"wp:attachment":[{"href":"http:\/\/themis.ctsnet.it\/index.php\/wp-json\/wp\/v2\/media?parent=579"}],"curies":[{"name":"wp","href":"https:\/\/api.w.org\/{rel}","templated":true}]}}